{"id":776,"date":"2016-02-19T13:26:18","date_gmt":"2016-02-19T15:26:18","guid":{"rendered":"http:\/\/globalpacking.com.br\/servicos\/"},"modified":"2019-10-12T01:15:16","modified_gmt":"2019-10-12T04:15:16","slug":"servicos","status":"publish","type":"page","link":"https:\/\/globalpacking.com.br\/?page_id=776&lang=en","title":{"rendered":"Services"},"content":{"rendered":"<p>[vc_row css_animation=&#8221;&#8221; row_type=&#8221;row&#8221; use_row_as_full_screen_section=&#8221;no&#8221; type=&#8221;full_width&#8221; angled_section=&#8221;no&#8221; text_align=&#8221;left&#8221; background_image_as_pattern=&#8221;without_pattern&#8221;][vc_column width=&#8221;1\/6&#8243;][\/vc_column][vc_column width=&#8221;2\/3&#8243;][vc_separator type=&#8221;transparent&#8221; thickness=&#8221;0&#8243; up=&#8221;100&#8243; down=&#8221;0&#8243;][vc_column_text]<\/p>\n<h2 style=\"text-align: center;\"><span style=\"font-weight: 400; font-size: 25px;\">We offer global mobility solutions for customers with high levels of demand. Check out our specialties<\/span><\/h2>\n<p>[\/vc_column_text][vc_separator type=&#8221;transparent&#8221; thickness=&#8221;0&#8243; up=&#8221;20&#8243; down=&#8221;0&#8243;][\/vc_column][vc_column width=&#8221;1\/6&#8243;][\/vc_column][\/vc_row][vc_row css_animation=&#8221;&#8221; row_type=&#8221;row&#8221; use_row_as_full_screen_section=&#8221;no&#8221; type=&#8221;grid&#8221; angled_section=&#8221;no&#8221; text_align=&#8221;left&#8221; background_image_as_pattern=&#8221;without_pattern&#8221; css=&#8221;.vc_custom_1568258227899{padding-top: 150px !important;}&#8221; z_index=&#8221;&#8221; anchor=&#8221;internacional&#8221;][vc_column offset=&#8221;vc_col-lg-4 vc_col-md-4&#8243;][vc_single_image image=&#8221;461&#8243; img_size=&#8221;full&#8221; qode_css_animation=&#8221;&#8221;][vc_separator type=&#8221;transparent&#8221; thickness=&#8221;0&#8243; up=&#8221;38&#8243; down=&#8221;0&#8243;][\/vc_column][vc_column offset=&#8221;vc_col-lg-4 vc_col-md-4&#8243;][vc_column_text]<\/p>\n<h3>International Moves<\/h3>\n<p>[\/vc_column_text][vc_separator type=&#8221;small&#8221; position=&#8221;left&#8221; width=&#8221;20&#8243; up=&#8221;7&#8243; down=&#8221;30&#8243;][vc_column_text]<span style=\"font-weight: 400;\">We offer door-to-door moving services in both, air and sea modes.<br \/>\nOur highly qualified professionals take care of the entire process, ensuring efficiency and personalized service.<\/span><\/p>\n<p><span style=\"font-weight: 400;\">We serve clients and corporate accounts located in major Brazilian capitals, such as Sao Paulo, Rio de Janeiro, Belo Horizonte, Curitiba, Brasilia, Salvador, Recife, among others. As members of various international associations, we have a vast network of partners around the world, enabling our presence worldwide.<\/span>[\/vc_column_text][vc_separator type=&#8221;transparent&#8221; thickness=&#8221;0&#8243; up=&#8221;50&#8243; down=&#8221;0&#8243;][\/vc_column][vc_column offset=&#8221;vc_col-lg-4 vc_col-md-4&#8243;][vc_separator type=&#8221;transparent&#8221; thickness=&#8221;0&#8243; up=&#8221;38&#8243; down=&#8221;0&#8243;][vc_column_text]<span style=\"font-weight: 400;\"><em>Global Packing<\/em> stands out for maintaining the high quality standards of its services from source to destination. We invest in the best packaging materials and techniques to ensure the protection that each of your belongings demands. In addition, we offer door-to-door insurance against all risks.<br \/>\nWhatever is your destination, Global Packing is your best choice!<\/span>[\/vc_column_text][vc_separator type=&#8221;transparent&#8221; thickness=&#8221;0&#8243; up=&#8221;50&#8243; down=&#8221;0&#8243;][\/vc_column][\/vc_row][vc_row css_animation=&#8221;&#8221; row_type=&#8221;row&#8221; use_row_as_full_screen_section=&#8221;no&#8221; type=&#8221;grid&#8221; angled_section=&#8221;no&#8221; text_align=&#8221;left&#8221; background_image_as_pattern=&#8221;without_pattern&#8221; css=&#8221;.vc_custom_1568258247101{padding-top: 150px !important;}&#8221; z_index=&#8221;&#8221; anchor=&#8221;nacional&#8221;][vc_column offset=&#8221;vc_col-lg-4 vc_col-md-4&#8243;][vc_column_text]<\/p>\n<h3>National Moves<\/h3>\n<p>[\/vc_column_text][vc_separator type=&#8221;small&#8221; position=&#8221;left&#8221; width=&#8221;20&#8243; up=&#8221;7&#8243; down=&#8221;30&#8243;][vc_column_text]<span style=\"font-weight: 400;\">A move contains invaluable assets and objects, so it is important to have an experienced and credible company in the market.<br \/>\n<em>Global Packing<\/em> perform every step of the move with seriousness and professionalism, from the moment of packaging to delivery to the new residence, ensuring total customer satisfaction.<\/span>[\/vc_column_text][vc_separator type=&#8221;transparent&#8221; thickness=&#8221;0&#8243; up=&#8221;50&#8243; down=&#8221;0&#8243;][\/vc_column][vc_column offset=&#8221;vc_col-lg-4 vc_col-md-4&#8243;][vc_separator type=&#8221;transparent&#8221; thickness=&#8221;0&#8243; up=&#8221;38&#8243; down=&#8221;0&#8243;][vc_column_text]<span style=\"font-weight: 400;\">We prepare a complete inventory of the goods to be transported and identify each box, making it easy to tidy up or locate a specific item.<br \/>\nOur employees are highly qualified and experienced to make any kind of move, from the simplest to the most complex!<br \/>\nContact us and ask for your quote! We have exactly what you are looking for!<br \/>\n<\/span>[\/vc_column_text][vc_separator type=&#8221;transparent&#8221; thickness=&#8221;0&#8243; up=&#8221;50&#8243; down=&#8221;0&#8243;][\/vc_column][vc_column offset=&#8221;vc_col-lg-4 vc_col-md-4&#8243;][vc_single_image image=&#8221;882&#8243; img_size=&#8221;full&#8221; qode_css_animation=&#8221;&#8221;][vc_separator type=&#8221;transparent&#8221; thickness=&#8221;0&#8243; up=&#8221;38&#8243; down=&#8221;0&#8243;][\/vc_column][\/vc_row][vc_row css_animation=&#8221;&#8221; row_type=&#8221;row&#8221; use_row_as_full_screen_section=&#8221;no&#8221; type=&#8221;grid&#8221; angled_section=&#8221;no&#8221; text_align=&#8221;left&#8221; background_image_as_pattern=&#8221;without_pattern&#8221; css=&#8221;.vc_custom_1568258280107{padding-top: 150px !important;}&#8221; z_index=&#8221;&#8221; anchor=&#8221;escritorio&#8221;][vc_column offset=&#8221;vc_col-lg-4 vc_col-md-4&#8243;][vc_single_image image=&#8221;987&#8243; img_size=&#8221;full&#8221; qode_css_animation=&#8221;&#8221;][vc_separator type=&#8221;transparent&#8221; thickness=&#8221;0&#8243; up=&#8221;38&#8243; down=&#8221;0&#8243;][\/vc_column][vc_column offset=&#8221;vc_col-lg-4 vc_col-md-4&#8243;][vc_column_text]<\/p>\n<h3>Office Moves<\/h3>\n<p>[\/vc_column_text][vc_separator type=&#8221;small&#8221; position=&#8221;left&#8221; width=&#8221;20&#8243; up=&#8221;7&#8243; down=&#8221;30&#8243;][vc_column_text]<span style=\"font-weight: 400;\">We understand the urgency of the corporate environment, therefore, our goal is to ensure the execution of the service in the shortest possible time, always keeping the focus on quality.<\/span><\/p>\n<p>[\/vc_column_text][vc_separator type=&#8221;transparent&#8221; thickness=&#8221;0&#8243; up=&#8221;50&#8243; down=&#8221;0&#8243;][\/vc_column][vc_column offset=&#8221;vc_col-lg-4 vc_col-md-4&#8243;][vc_separator type=&#8221;transparent&#8221; thickness=&#8221;0&#8243; up=&#8221;38&#8243; down=&#8221;0&#8243;][vc_column_text]<span style=\"font-weight: 400;\">We offer customized logistics planning according to the needs of each company. We work at shifts that are flexible for the customer, minimizing the impact on office operation and employees&#8217; routine, providing an smooth and hassle-free removal.<\/span>[\/vc_column_text][vc_separator type=&#8221;transparent&#8221; thickness=&#8221;0&#8243; up=&#8221;50&#8243; down=&#8221;0&#8243;][\/vc_column][\/vc_row][vc_row css_animation=&#8221;&#8221; row_type=&#8221;row&#8221; use_row_as_full_screen_section=&#8221;no&#8221; type=&#8221;grid&#8221; angled_section=&#8221;no&#8221; text_align=&#8221;left&#8221; background_image_as_pattern=&#8221;without_pattern&#8221; css=&#8221;.vc_custom_1568258299130{padding-top: 150px !important;}&#8221; z_index=&#8221;&#8221; anchor=&#8221;animal&#8221;][vc_column offset=&#8221;vc_col-lg-4 vc_col-md-4&#8243;][vc_column_text]<\/p>\n<h3>Pets<\/h3>\n<p>[\/vc_column_text][vc_separator type=&#8221;small&#8221; position=&#8221;left&#8221; width=&#8221;20&#8243; up=&#8221;7&#8243; down=&#8221;30&#8243;][vc_column_text]<span style=\"font-weight: 400;\"><br \/>\n<em>Global Packing<\/em> knows that your pet is not only a pet, but a family member!<br \/>\nOur team of specialists is able to answer all your questions about the process of exporting or importing pets, giving full assistance with the necessary documentation, transportation and<\/span>[\/vc_column_text][vc_separator type=&#8221;transparent&#8221; thickness=&#8221;0&#8243; up=&#8221;50&#8243; down=&#8221;0&#8243;][\/vc_column][vc_column offset=&#8221;vc_col-lg-4 vc_col-md-4&#8243;][vc_separator type=&#8221;transparent&#8221; thickness=&#8221;0&#8243; up=&#8221;38&#8243; down=&#8221;0&#8243;][vc_column_text]<span style=\"font-weight: 400;\">accommodation, booking of flights and everything else your pet needs to arrive safely and healthy to their new home.<br \/>\nSo, before trusting your great friend to any company, contact us.<br \/>\nYour pet will thank you!<\/span>[\/vc_column_text][vc_separator type=&#8221;transparent&#8221; thickness=&#8221;0&#8243; up=&#8221;50&#8243; down=&#8221;0&#8243;][\/vc_column][vc_column offset=&#8221;vc_col-lg-4 vc_col-md-4&#8243;][vc_single_image image=&#8221;886&#8243; img_size=&#8221;full&#8221; qode_css_animation=&#8221;&#8221;][vc_separator type=&#8221;transparent&#8221; thickness=&#8221;0&#8243; up=&#8221;38&#8243; down=&#8221;0&#8243;][\/vc_column][\/vc_row][vc_row css_animation=&#8221;&#8221; row_type=&#8221;row&#8221; use_row_as_full_screen_section=&#8221;no&#8221; type=&#8221;grid&#8221; angled_section=&#8221;no&#8221; text_align=&#8221;left&#8221; background_image_as_pattern=&#8221;without_pattern&#8221; css=&#8221;.vc_custom_1568317173499{padding-top: 100px !important;padding-bottom: 100px !important;}&#8221; z_index=&#8221;&#8221; anchor=&#8221;outros&#8221; el_class=&#8221;branco&#8221;][vc_column offset=&#8221;vc_col-lg-4 vc_col-md-4&#8243; css=&#8221;.vc_custom_1568332118459{background-color: #4d7a3e !important;}&#8221; el_class=&#8221;coluna&#8221;][vc_single_image image=&#8221;464&#8243; img_size=&#8221;full&#8221; qode_css_animation=&#8221;&#8221;][vc_separator type=&#8221;transparent&#8221; thickness=&#8221;0&#8243; up=&#8221;38&#8243; down=&#8221;0&#8243;][vc_column_text el_class=&#8221;branco&#8221;]<\/p>\n<h3>Relocation<\/h3>\n<p>[\/vc_column_text][vc_separator type=&#8221;small&#8221; position=&#8221;left&#8221; width=&#8221;20&#8243; up=&#8221;7&#8243; down=&#8221;30&#8243;][vc_column_text el_class=&#8221;branco&#8221;]We have a team of specialists to offer the most diverse services to expatriates who have just arrived in Brazil. Among our services are:<\/p>\n<p>&nbsp;<\/p>\n<p><img class=\"alignnone wp-image-891\" src=\"http:\/\/globalpacking.com.br\/wp-content\/uploads\/2019\/09\/Icon-Relocation_Settling-In_BRANCO-300x300.png\" alt=\"\" width=\"22\" height=\"22\" srcset=\"https:\/\/globalpacking.com.br\/wp-content\/uploads\/2019\/09\/Icon-Relocation_Settling-In_BRANCO-300x300.png 300w, https:\/\/globalpacking.com.br\/wp-content\/uploads\/2019\/09\/Icon-Relocation_Settling-In_BRANCO-150x150.png 150w, https:\/\/globalpacking.com.br\/wp-content\/uploads\/2019\/09\/Icon-Relocation_Settling-In_BRANCO-500x512.png 500w, https:\/\/globalpacking.com.br\/wp-content\/uploads\/2019\/09\/Icon-Relocation_Settling-In_BRANCO.png 512w\" sizes=\"(max-width: 22px) 100vw, 22px\" \/>\u00a0 \u00a0 Settling In<\/p>\n<p><img class=\"alignnone wp-image-900\" src=\"http:\/\/globalpacking.com.br\/wp-content\/uploads\/2019\/09\/Icon-Relocation_Busca-de-Residencia_BRANCO-300x300.png\" alt=\"\" width=\"22\" height=\"22\" srcset=\"https:\/\/globalpacking.com.br\/wp-content\/uploads\/2019\/09\/Icon-Relocation_Busca-de-Residencia_BRANCO-300x300.png 300w, https:\/\/globalpacking.com.br\/wp-content\/uploads\/2019\/09\/Icon-Relocation_Busca-de-Residencia_BRANCO-150x150.png 150w, https:\/\/globalpacking.com.br\/wp-content\/uploads\/2019\/09\/Icon-Relocation_Busca-de-Residencia_BRANCO-500x512.png 500w, https:\/\/globalpacking.com.br\/wp-content\/uploads\/2019\/09\/Icon-Relocation_Busca-de-Residencia_BRANCO.png 512w\" sizes=\"(max-width: 22px) 100vw, 22px\" \/>\u00a0 \u00a0 Home search<\/p>\n<p><img class=\"alignnone wp-image-902\" src=\"http:\/\/globalpacking.com.br\/wp-content\/uploads\/2019\/09\/Icon-Relocation_Tour-de-Orienta\u00e7\u00e3o_BRANCO-300x300.png\" alt=\"\" width=\"22\" height=\"22\" srcset=\"https:\/\/globalpacking.com.br\/wp-content\/uploads\/2019\/09\/Icon-Relocation_Tour-de-Orienta\u00e7\u00e3o_BRANCO-300x300.png 300w, https:\/\/globalpacking.com.br\/wp-content\/uploads\/2019\/09\/Icon-Relocation_Tour-de-Orienta\u00e7\u00e3o_BRANCO-150x150.png 150w, https:\/\/globalpacking.com.br\/wp-content\/uploads\/2019\/09\/Icon-Relocation_Tour-de-Orienta\u00e7\u00e3o_BRANCO-500x512.png 500w, https:\/\/globalpacking.com.br\/wp-content\/uploads\/2019\/09\/Icon-Relocation_Tour-de-Orienta\u00e7\u00e3o_BRANCO.png 512w\" sizes=\"(max-width: 22px) 100vw, 22px\" \/>\u00a0 \u00a0 Orientation Tour<\/p>\n<p><img class=\"alignnone wp-image-896\" src=\"http:\/\/globalpacking.com.br\/wp-content\/uploads\/2019\/09\/Relocation-Icon_Servi\u00e7os-de-Imigra\u00e7\u00e3o_BRANCO.png\" alt=\"\" width=\"22\" height=\"22\" srcset=\"https:\/\/globalpacking.com.br\/wp-content\/uploads\/2019\/09\/Relocation-Icon_Servi\u00e7os-de-Imigra\u00e7\u00e3o_BRANCO.png 200w, https:\/\/globalpacking.com.br\/wp-content\/uploads\/2019\/09\/Relocation-Icon_Servi\u00e7os-de-Imigra\u00e7\u00e3o_BRANCO-150x150.png 150w\" sizes=\"(max-width: 22px) 100vw, 22px\" \/>\u00a0 \u00a0 Immigration Services<\/p>\n<p><img class=\"alignnone wp-image-898\" src=\"http:\/\/globalpacking.com.br\/wp-content\/uploads\/2019\/09\/Icon-Relocation_Assist\u00eancia-Educacional_BRANCO-300x300.png\" alt=\"\" width=\"22\" height=\"22\" srcset=\"https:\/\/globalpacking.com.br\/wp-content\/uploads\/2019\/09\/Icon-Relocation_Assist\u00eancia-Educacional_BRANCO-300x300.png 300w, https:\/\/globalpacking.com.br\/wp-content\/uploads\/2019\/09\/Icon-Relocation_Assist\u00eancia-Educacional_BRANCO-150x150.png 150w, https:\/\/globalpacking.com.br\/wp-content\/uploads\/2019\/09\/Icon-Relocation_Assist\u00eancia-Educacional_BRANCO-500x512.png 500w, https:\/\/globalpacking.com.br\/wp-content\/uploads\/2019\/09\/Icon-Relocation_Assist\u00eancia-Educacional_BRANCO.png 512w\" sizes=\"(max-width: 22px) 100vw, 22px\" \/>\u00a0 \u00a0 Educational assistance[\/vc_column_text][vc_separator type=&#8221;transparent&#8221; thickness=&#8221;0&#8243; up=&#8221;50&#8243; down=&#8221;0&#8243;][\/vc_column][vc_column offset=&#8221;vc_col-lg-4 vc_col-md-4&#8243; css=&#8221;.vc_custom_1568332134427{background-color: #7c9175 !important;}&#8221; el_class=&#8221;coluna&#8221;][vc_single_image image=&#8221;463&#8243; img_size=&#8221;full&#8221; qode_css_animation=&#8221;&#8221;][vc_separator type=&#8221;transparent&#8221; thickness=&#8221;0&#8243; up=&#8221;38&#8243; down=&#8221;0&#8243;][vc_column_text el_class=&#8221;branco&#8221;]<\/p>\n<h3><b>Fine Arts<\/b><\/h3>\n<p>[\/vc_column_text][vc_separator type=&#8221;small&#8221; position=&#8221;left&#8221; width=&#8221;20&#8243; up=&#8221;7&#8243; down=&#8221;30&#8243;][vc_column_text el_class=&#8221;branco&#8221;]We offer the best transportation and storage solutions for your artwork, whether for a single piece or for a complete exhibition. Providing logistic services dedicated to museums, institutions, galleries, auction houses and private collectors. As partners of a well select network of agents around the world, we assure that your artworks are in good hands, from origin to destination. We have our own carpentry, able to build any type of box according to the specifications and requirements required. Contact us and ask for your quote![\/vc_column_text][vc_separator type=&#8221;transparent&#8221; thickness=&#8221;0&#8243; up=&#8221;50&#8243; down=&#8221;0&#8243;][\/vc_column][vc_column offset=&#8221;vc_col-lg-4 vc_col-md-4&#8243; css=&#8221;.vc_custom_1568332151034{background-color: #a9c79f !important;}&#8221; el_class=&#8221;coluna&#8221;][vc_single_image image=&#8221;460&#8243; img_size=&#8221;full&#8221; qode_css_animation=&#8221;&#8221;][vc_separator type=&#8221;transparent&#8221; thickness=&#8221;0&#8243; up=&#8221;38&#8243; down=&#8221;0&#8243;][vc_column_text el_class=&#8221;branco&#8221;]<\/p>\n<h3>Storage<\/h3>\n<p>[\/vc_column_text][vc_separator type=&#8221;small&#8221; position=&#8221;left&#8221; width=&#8221;20&#8243; up=&#8221;7&#8243; down=&#8221;30&#8243;][vc_column_text el_class=&#8221;branco&#8221;]<em>Global Packing<\/em> is always looking for practical solutions for our customers, so we offer storage and moving services in general.<\/p>\n<p>We have individual storage units, humidity and sunlight-free.<\/p>\n<p>Our warehouse is monitored 24 hours a day, providing even more security to our customers, reassuring that their goods will be in safe hands.[\/vc_column_text][vc_separator type=&#8221;transparent&#8221; thickness=&#8221;0&#8243; up=&#8221;50&#8243; down=&#8221;0&#8243;][\/vc_column][\/vc_row][vc_row css_animation=&#8221;&#8221; row_type=&#8221;row&#8221; use_row_as_full_screen_section=&#8221;no&#8221; type=&#8221;full_width&#8221; angled_section=&#8221;no&#8221; text_align=&#8221;center&#8221; background_image_as_pattern=&#8221;without_pattern&#8221; css=&#8221;.vc_custom_1568418008021{background-color: #7c9175 !important;}&#8221; z_index=&#8221;&#8221; padding_top=&#8221;40&#8243; padding_bottom=&#8221;25&#8243;][vc_column width=&#8221;2\/12&#8243;][\/vc_column][vc_column width=&#8221;8\/12&#8243;][vc_row_inner row_type=&#8221;row&#8221; type=&#8221;full_width&#8221; text_align=&#8221;center&#8221; css_animation=&#8221;&#8221;][vc_column_inner width=&#8221;1\/3&#8243;][vc_single_image image=&#8221;581&#8243; img_size=&#8221;medium&#8221; alignment=&#8221;center&#8221; qode_css_animation=&#8221;&#8221;][\/vc_column_inner][vc_column_inner width=&#8221;1\/3&#8243;][vc_single_image image=&#8221;582&#8243; img_size=&#8221;medium&#8221; alignment=&#8221;center&#8221; qode_css_animation=&#8221;&#8221;][\/vc_column_inner][vc_column_inner width=&#8221;1\/3&#8243;][vc_single_image image=&#8221;727&#8243; img_size=&#8221;medium&#8221; alignment=&#8221;center&#8221; qode_css_animation=&#8221;&#8221;][\/vc_column_inner][\/vc_row_inner][\/vc_column][vc_column width=&#8221;2\/12&#8243;][\/vc_column][\/vc_row]<\/p>\n","protected":false},"excerpt":{"rendered":"<p>[vc_row css_animation=&#8221;&#8221; row_type=&#8221;row&#8221; use_row_as_full_screen_section=&#8221;no&#8221; type=&#8221;full_width&#8221; angled_section=&#8221;no&#8221; text_align=&#8221;left&#8221; background_image_as_pattern=&#8221;without_pattern&#8221;][vc_column width=&#8221;1\/6&#8243;][\/vc_column][vc_column width=&#8221;2\/3&#8243;][vc_separator type=&#8221;transparent&#8221; thickness=&#8221;0&#8243; up=&#8221;100&#8243; down=&#8221;0&#8243;][vc_column_text] We offer global mobility solutions for customers with high levels of demand. Check out our specialties [\/vc_column_text][vc_separator type=&#8221;transparent&#8221; thickness=&#8221;0&#8243; up=&#8221;20&#8243; down=&#8221;0&#8243;][\/vc_column][vc_column width=&#8221;1\/6&#8243;][\/vc_column][\/vc_row][vc_row css_animation=&#8221;&#8221; row_type=&#8221;row&#8221; use_row_as_full_screen_section=&#8221;no&#8221; type=&#8221;grid&#8221; angled_section=&#8221;no&#8221; text_align=&#8221;left&#8221; background_image_as_pattern=&#8221;without_pattern&#8221; css=&#8221;.vc_custom_1568258227899{padding-top: 150px&#8230;<\/p>\n","protected":false},"author":7,"featured_media":0,"parent":0,"menu_order":0,"comment_status":"closed","ping_status":"closed","template":"full_width.php","meta":[],"_links":{"self":[{"href":"https:\/\/globalpacking.com.br\/index.php?rest_route=\/wp\/v2\/pages\/776"}],"collection":[{"href":"https:\/\/globalpacking.com.br\/index.php?rest_route=\/wp\/v2\/pages"}],"about":[{"href":"https:\/\/globalpacking.com.br\/index.php?rest_route=\/wp\/v2\/types\/page"}],"author":[{"embeddable":true,"href":"https:\/\/globalpacking.com.br\/index.php?rest_route=\/wp\/v2\/users\/7"}],"replies":[{"embeddable":true,"href":"https:\/\/globalpacking.com.br\/index.php?rest_route=%2Fwp%2Fv2%2Fcomments&post=776"}],"version-history":[{"count":16,"href":"https:\/\/globalpacking.com.br\/index.php?rest_route=\/wp\/v2\/pages\/776\/revisions"}],"predecessor-version":[{"id":989,"href":"https:\/\/globalpacking.com.br\/index.php?rest_route=\/wp\/v2\/pages\/776\/revisions\/989"}],"wp:attachment":[{"href":"https:\/\/globalpacking.com.br\/index.php?rest_route=%2Fwp%2Fv2%2Fmedia&parent=776"}],"curies":[{"name":"wp","href":"https:\/\/api.w.org\/{rel}","templated":true}]}}