{"id":766,"date":"2016-02-19T14:58:13","date_gmt":"2016-02-19T16:58:13","guid":{"rendered":"http:\/\/globalpacking.com.br\/blog\/"},"modified":"2020-02-19T16:04:39","modified_gmt":"2020-02-19T19:04:39","slug":"blog","status":"publish","type":"page","link":"https:\/\/globalpacking.com.br\/?page_id=766&lang=en","title":{"rendered":"Blog"},"content":{"rendered":"<p>[vc_row css_animation=&#8221;&#8221; row_type=&#8221;row&#8221; use_row_as_full_screen_section=&#8221;no&#8221; type=&#8221;grid&#8221; angled_section=&#8221;no&#8221; text_align=&#8221;left&#8221; background_image_as_pattern=&#8221;without_pattern&#8221; css=&#8221;.vc_custom_1456835543749{padding-top: 150px !important;padding-bottom: 120px !important;}&#8221;][vc_column]<div class='latest_post_two_holder three_columns'><ul><li class=\"clearfix\"><div class=\"latest_post_two_image\"><a itemprop=\"url\" href=\"https:\/\/globalpacking.com.br\/?p=1735\"><img width=\"700\" height=\"428\" src=\"https:\/\/globalpacking.com.br\/wp-content\/uploads\/2022\/06\/etias-700x428.jpg\" class=\"attachment-portfolio_masonry_with_space size-portfolio_masonry_with_space wp-post-image\" alt=\"\" srcset=\"https:\/\/globalpacking.com.br\/wp-content\/uploads\/2022\/06\/etias-700x428.jpg 700w, https:\/\/globalpacking.com.br\/wp-content\/uploads\/2022\/06\/etias-300x183.jpg 300w, https:\/\/globalpacking.com.br\/wp-content\/uploads\/2022\/06\/etias-768x469.jpg 768w, https:\/\/globalpacking.com.br\/wp-content\/uploads\/2022\/06\/etias.jpg 800w\" sizes=\"(max-width: 700px) 100vw, 700px\" \/><\/a><\/div><div class=\"latest_post_two_inner\" ><div class=\"latest_post_two_text\"><h5 itemprop=\"name\" class=\"latest_post_two_title entry_title\"><a itemprop=\"url\" href=\"https:\/\/globalpacking.com.br\/?p=1735\" >Brasileiros precisar\u00e3o de autoriza\u00e7\u00e3o para entrar na Europa<\/a><\/h5><div class=\"separator small left \" ><\/div><p itemprop=\"description\" class=\"latest_post_two_excerpt\" >Se voc\u00ea est\u00e1 planejando uma viagem para a Europa, a informa\u00e7\u00e3o abaixo \u00e9 muito importante para voc\u00ea! A partir de maio de 2023, cidad\u00e3os de pa\u00edses que atualmente n\u00e3o precisam<\/p><\/div><div class=\"latest_post_two_info\" style='border-color: #e0e0e0;'><div class=\"latest_post_two_info_inner\" style='color: #303030;'><div class=\"post_info_author\"><img alt='Author Image' src='https:\/\/secure.gravatar.com\/avatar\/83d7cd67c9e28b8dc1ed786429759635?s=30&#038;d=mm&#038;r=g' srcset='https:\/\/secure.gravatar.com\/avatar\/83d7cd67c9e28b8dc1ed786429759635?s=60&#038;d=mm&#038;r=g 2x' class='avatar avatar-30 photo' height='30' width='30' \/><span class=\"post_info_author_name\">Global Packing<\/span><\/div><div itemprop=\"dateCreated\" class=\"post_info_date entry_date updated\">07 junho, 2022<meta itemprop=\"interactionCount\" content=\"UserComments: <?php echo get_comments_number(qode_get_page_id()); ?>\"\/><\/div><\/div><\/div><\/div><\/li><li class=\"clearfix\"><div class=\"latest_post_two_image\"><a itemprop=\"url\" href=\"https:\/\/globalpacking.com.br\/?p=1710\"><img width=\"700\" height=\"379\" src=\"https:\/\/globalpacking.com.br\/wp-content\/uploads\/2021\/11\/dia-da-amizade-argentino-brasileira-vamos-celebrar-a-boa-vizinhanca-700x379.jpg\" class=\"attachment-portfolio_masonry_with_space size-portfolio_masonry_with_space wp-post-image\" alt=\"Dia da Amizade Argentino-Brasileira: Vamos celebrar a boa vizinhan\u00e7a\" srcset=\"https:\/\/globalpacking.com.br\/wp-content\/uploads\/2021\/11\/dia-da-amizade-argentino-brasileira-vamos-celebrar-a-boa-vizinhanca-700x379.jpg 700w, https:\/\/globalpacking.com.br\/wp-content\/uploads\/2021\/11\/dia-da-amizade-argentino-brasileira-vamos-celebrar-a-boa-vizinhanca-300x163.jpg 300w, https:\/\/globalpacking.com.br\/wp-content\/uploads\/2021\/11\/dia-da-amizade-argentino-brasileira-vamos-celebrar-a-boa-vizinhanca-1024x555.jpg 1024w, https:\/\/globalpacking.com.br\/wp-content\/uploads\/2021\/11\/dia-da-amizade-argentino-brasileira-vamos-celebrar-a-boa-vizinhanca-768x416.jpg 768w, https:\/\/globalpacking.com.br\/wp-content\/uploads\/2021\/11\/dia-da-amizade-argentino-brasileira-vamos-celebrar-a-boa-vizinhanca.jpg 1200w\" sizes=\"(max-width: 700px) 100vw, 700px\" \/><\/a><\/div><div class=\"latest_post_two_inner\" ><div class=\"latest_post_two_text\"><h5 itemprop=\"name\" class=\"latest_post_two_title entry_title\"><a itemprop=\"url\" href=\"https:\/\/globalpacking.com.br\/?p=1710\" >Dia da Amizade Argentino-Brasileira: Vamos celebrar a boa vizinhan\u00e7a<\/a><\/h5><div class=\"separator small left \" ><\/div><p itemprop=\"description\" class=\"latest_post_two_excerpt\" >Apesar da m\u00eddia fomentar bastante a rivalidade Brasil-Argentina temos certeza de que a \u201crixa\u201d fica somente no \u00e2mbito do futebol. Para n\u00e3o criar \u201ccaso\u201d, em rodas entre amigo<\/p><\/div><div class=\"latest_post_two_info\" style='border-color: #e0e0e0;'><div class=\"latest_post_two_info_inner\" style='color: #303030;'><div class=\"post_info_author\"><img alt='Author Image' src='https:\/\/secure.gravatar.com\/avatar\/83d7cd67c9e28b8dc1ed786429759635?s=30&#038;d=mm&#038;r=g' srcset='https:\/\/secure.gravatar.com\/avatar\/83d7cd67c9e28b8dc1ed786429759635?s=60&#038;d=mm&#038;r=g 2x' class='avatar avatar-30 photo' height='30' width='30' \/><span class=\"post_info_author_name\">Global Packing<\/span><\/div><div itemprop=\"dateCreated\" class=\"post_info_date entry_date updated\">30 novembro, 2021<meta itemprop=\"interactionCount\" content=\"UserComments: <?php echo get_comments_number(qode_get_page_id()); ?>\"\/><\/div><\/div><\/div><\/div><\/li><li class=\"clearfix\"><div class=\"latest_post_two_image\"><a itemprop=\"url\" href=\"https:\/\/globalpacking.com.br\/?p=1704\"><img width=\"700\" height=\"379\" src=\"https:\/\/globalpacking.com.br\/wp-content\/uploads\/2021\/11\/nao-e-so-mais-um-feriado-700x379.jpg\" class=\"attachment-portfolio_masonry_with_space size-portfolio_masonry_with_space wp-post-image\" alt=\"n\u00e3o \u00e9 s\u00f3 \u201cmais um feriado\u201d!\" srcset=\"https:\/\/globalpacking.com.br\/wp-content\/uploads\/2021\/11\/nao-e-so-mais-um-feriado-700x379.jpg 700w, https:\/\/globalpacking.com.br\/wp-content\/uploads\/2021\/11\/nao-e-so-mais-um-feriado-300x163.jpg 300w, https:\/\/globalpacking.com.br\/wp-content\/uploads\/2021\/11\/nao-e-so-mais-um-feriado-1024x555.jpg 1024w, https:\/\/globalpacking.com.br\/wp-content\/uploads\/2021\/11\/nao-e-so-mais-um-feriado-768x416.jpg 768w, https:\/\/globalpacking.com.br\/wp-content\/uploads\/2021\/11\/nao-e-so-mais-um-feriado.jpg 1200w\" sizes=\"(max-width: 700px) 100vw, 700px\" \/><\/a><\/div><div class=\"latest_post_two_inner\" ><div class=\"latest_post_two_text\"><h5 itemprop=\"name\" class=\"latest_post_two_title entry_title\"><a itemprop=\"url\" href=\"https:\/\/globalpacking.com.br\/?p=1704\" >N\u00e3o \u00e9 s\u00f3 \u201cmais um feriado\u201d!<\/a><\/h5><div class=\"separator small left \" ><\/div><p itemprop=\"description\" class=\"latest_post_two_excerpt\" >O dia Nacional da Consci\u00eancia Negra foi institu\u00eddo no Brasil atrav\u00e9s da Lei n\u00ba 10.639, que inclui o tema \u201cHist\u00f3ria e Cultura Afro-Brasileira\u201d como componente curricular obr<\/p><\/div><div class=\"latest_post_two_info\" style='border-color: #e0e0e0;'><div class=\"latest_post_two_info_inner\" style='color: #303030;'><div class=\"post_info_author\"><img alt='Author Image' src='https:\/\/secure.gravatar.com\/avatar\/83d7cd67c9e28b8dc1ed786429759635?s=30&#038;d=mm&#038;r=g' srcset='https:\/\/secure.gravatar.com\/avatar\/83d7cd67c9e28b8dc1ed786429759635?s=60&#038;d=mm&#038;r=g 2x' class='avatar avatar-30 photo' height='30' width='30' \/><span class=\"post_info_author_name\">Global Packing<\/span><\/div><div itemprop=\"dateCreated\" class=\"post_info_date entry_date updated\">19 novembro, 2021<meta itemprop=\"interactionCount\" content=\"UserComments: <?php echo get_comments_number(qode_get_page_id()); ?>\"\/><\/div><\/div><\/div><\/div><\/li><li class=\"clearfix\"><div class=\"latest_post_two_image\"><a itemprop=\"url\" href=\"https:\/\/globalpacking.com.br\/?p=1692\"><img width=\"700\" height=\"379\" src=\"https:\/\/globalpacking.com.br\/wp-content\/uploads\/2021\/10\/mudancas-internacionais-paises-que-ja-abriram-as-fronteiras-para-brasileiros-700x379.png\" class=\"attachment-portfolio_masonry_with_space size-portfolio_masonry_with_space wp-post-image\" alt=\"Mudan\u00e7as Internacionais: Pa\u00edses que j\u00e1 abriram as fronteiras para brasileiros\" srcset=\"https:\/\/globalpacking.com.br\/wp-content\/uploads\/2021\/10\/mudancas-internacionais-paises-que-ja-abriram-as-fronteiras-para-brasileiros-700x379.png 700w, https:\/\/globalpacking.com.br\/wp-content\/uploads\/2021\/10\/mudancas-internacionais-paises-que-ja-abriram-as-fronteiras-para-brasileiros-300x163.png 300w, https:\/\/globalpacking.com.br\/wp-content\/uploads\/2021\/10\/mudancas-internacionais-paises-que-ja-abriram-as-fronteiras-para-brasileiros-1024x555.png 1024w, https:\/\/globalpacking.com.br\/wp-content\/uploads\/2021\/10\/mudancas-internacionais-paises-que-ja-abriram-as-fronteiras-para-brasileiros-768x416.png 768w, https:\/\/globalpacking.com.br\/wp-content\/uploads\/2021\/10\/mudancas-internacionais-paises-que-ja-abriram-as-fronteiras-para-brasileiros.png 1200w\" sizes=\"(max-width: 700px) 100vw, 700px\" \/><\/a><\/div><div class=\"latest_post_two_inner\" ><div class=\"latest_post_two_text\"><h5 itemprop=\"name\" class=\"latest_post_two_title entry_title\"><a itemprop=\"url\" href=\"https:\/\/globalpacking.com.br\/?p=1692\" >Mudan\u00e7as Internacionais: Pa\u00edses que j\u00e1 abriram as fronteiras para brasileiros<\/a><\/h5><div class=\"separator small left \" ><\/div><p itemprop=\"description\" class=\"latest_post_two_excerpt\" >Aos poucos a vida no mundo vai voltando ao \u201cnormal\u201d. Ap\u00f3s todo este tempo de luta contra a pandemia da Covid-19, que ainda n\u00e3o acabou, diversos pa\u00edses iniciam a retomada do<\/p><\/div><div class=\"latest_post_two_info\" style='border-color: #e0e0e0;'><div class=\"latest_post_two_info_inner\" style='color: #303030;'><div class=\"post_info_author\"><img alt='Author Image' src='https:\/\/secure.gravatar.com\/avatar\/83d7cd67c9e28b8dc1ed786429759635?s=30&#038;d=mm&#038;r=g' srcset='https:\/\/secure.gravatar.com\/avatar\/83d7cd67c9e28b8dc1ed786429759635?s=60&#038;d=mm&#038;r=g 2x' class='avatar avatar-30 photo' height='30' width='30' \/><span class=\"post_info_author_name\">Global Packing<\/span><\/div><div itemprop=\"dateCreated\" class=\"post_info_date entry_date updated\">28 outubro, 2021<meta itemprop=\"interactionCount\" content=\"UserComments: <?php echo get_comments_number(qode_get_page_id()); ?>\"\/><\/div><\/div><\/div><\/div><\/li><li class=\"clearfix\"><div class=\"latest_post_two_image\"><a itemprop=\"url\" href=\"https:\/\/globalpacking.com.br\/?p=1676\"><img width=\"700\" height=\"379\" src=\"https:\/\/globalpacking.com.br\/wp-content\/uploads\/2021\/10\/outubro-rosa-conscientizar-e-mobilizar-cancer-de-mama-global-packing-700x379.jpg\" class=\"attachment-portfolio_masonry_with_space size-portfolio_masonry_with_space wp-post-image\" alt=\"Outubro Rosa: Conscientizar e mobilizar quanto \u00e0 detec\u00e7\u00e3o precoce \u00e9 fundamental para sucesso no tratamento contra o c\u00e2ncer de mama\" srcset=\"https:\/\/globalpacking.com.br\/wp-content\/uploads\/2021\/10\/outubro-rosa-conscientizar-e-mobilizar-cancer-de-mama-global-packing-700x379.jpg 700w, https:\/\/globalpacking.com.br\/wp-content\/uploads\/2021\/10\/outubro-rosa-conscientizar-e-mobilizar-cancer-de-mama-global-packing-300x163.jpg 300w, https:\/\/globalpacking.com.br\/wp-content\/uploads\/2021\/10\/outubro-rosa-conscientizar-e-mobilizar-cancer-de-mama-global-packing-1024x555.jpg 1024w, https:\/\/globalpacking.com.br\/wp-content\/uploads\/2021\/10\/outubro-rosa-conscientizar-e-mobilizar-cancer-de-mama-global-packing-768x416.jpg 768w, https:\/\/globalpacking.com.br\/wp-content\/uploads\/2021\/10\/outubro-rosa-conscientizar-e-mobilizar-cancer-de-mama-global-packing.jpg 1200w\" sizes=\"(max-width: 700px) 100vw, 700px\" \/><\/a><\/div><div class=\"latest_post_two_inner\" ><div class=\"latest_post_two_text\"><h5 itemprop=\"name\" class=\"latest_post_two_title entry_title\"><a itemprop=\"url\" href=\"https:\/\/globalpacking.com.br\/?p=1676\" >Outubro Rosa: Conscientizar e mobilizar quanto \u00e0 detec\u00e7\u00e3o precoce do c\u00e2ncer de mama<\/a><\/h5><div class=\"separator small left \" ><\/div><p itemprop=\"description\" class=\"latest_post_two_excerpt\" >Nossa empresa \u00e9 formada por homens e mulheres, inclusive nossa gest\u00e3o \u00e9 comandada por uma mulher. N\u00e3o apenas por esta raz\u00e3o, mas pelo entendimento de que, inseridos na soci<\/p><\/div><div class=\"latest_post_two_info\" style='border-color: #e0e0e0;'><div class=\"latest_post_two_info_inner\" style='color: #303030;'><div class=\"post_info_author\"><img alt='Author Image' src='https:\/\/secure.gravatar.com\/avatar\/9b34c1d34b4db899d1f16296e761286c?s=30&#038;d=mm&#038;r=g' srcset='https:\/\/secure.gravatar.com\/avatar\/9b34c1d34b4db899d1f16296e761286c?s=60&#038;d=mm&#038;r=g 2x' class='avatar avatar-30 photo' height='30' width='30' \/><span class=\"post_info_author_name\">Global Packing<\/span><\/div><div itemprop=\"dateCreated\" class=\"post_info_date entry_date updated\">11 outubro, 2021<meta itemprop=\"interactionCount\" content=\"UserComments: <?php echo get_comments_number(qode_get_page_id()); ?>\"\/><\/div><\/div><\/div><\/div><\/li><li class=\"clearfix\"><div class=\"latest_post_two_image\"><a itemprop=\"url\" href=\"https:\/\/globalpacking.com.br\/?p=1665\"><img width=\"700\" height=\"379\" src=\"https:\/\/globalpacking.com.br\/wp-content\/uploads\/2021\/09\/arrtigo-como-planejar-uma-mudanca-internacional-guia-passo-a-passo-700x379.png\" class=\"attachment-portfolio_masonry_with_space size-portfolio_masonry_with_space wp-post-image\" alt=\"Como planejar uma mudan\u00e7a internacional: Guia passo a passo\" srcset=\"https:\/\/globalpacking.com.br\/wp-content\/uploads\/2021\/09\/arrtigo-como-planejar-uma-mudanca-internacional-guia-passo-a-passo-700x379.png 700w, https:\/\/globalpacking.com.br\/wp-content\/uploads\/2021\/09\/arrtigo-como-planejar-uma-mudanca-internacional-guia-passo-a-passo-300x163.png 300w, https:\/\/globalpacking.com.br\/wp-content\/uploads\/2021\/09\/arrtigo-como-planejar-uma-mudanca-internacional-guia-passo-a-passo-1024x555.png 1024w, https:\/\/globalpacking.com.br\/wp-content\/uploads\/2021\/09\/arrtigo-como-planejar-uma-mudanca-internacional-guia-passo-a-passo-768x416.png 768w, https:\/\/globalpacking.com.br\/wp-content\/uploads\/2021\/09\/arrtigo-como-planejar-uma-mudanca-internacional-guia-passo-a-passo.png 1200w\" sizes=\"(max-width: 700px) 100vw, 700px\" \/><\/a><\/div><div class=\"latest_post_two_inner\" ><div class=\"latest_post_two_text\"><h5 itemprop=\"name\" class=\"latest_post_two_title entry_title\"><a itemprop=\"url\" href=\"https:\/\/globalpacking.com.br\/?p=1665\" >Como planejar uma mudan\u00e7a internacional: Guia passo a passo<\/a><\/h5><div class=\"separator small left \" ><\/div><p itemprop=\"description\" class=\"latest_post_two_excerpt\" >O sucesso de uma mudan\u00e7a internacional depende de muitos fatores, mas que se bem pensados, v\u00e3o te proporcionar uma mudan\u00e7a sem maiores complica\u00e7\u00f5es. Planejamento da mudan\u00e7a<\/p><\/div><div class=\"latest_post_two_info\" style='border-color: #e0e0e0;'><div class=\"latest_post_two_info_inner\" style='color: #303030;'><div class=\"post_info_author\"><img alt='Author Image' src='https:\/\/secure.gravatar.com\/avatar\/83d7cd67c9e28b8dc1ed786429759635?s=30&#038;d=mm&#038;r=g' srcset='https:\/\/secure.gravatar.com\/avatar\/83d7cd67c9e28b8dc1ed786429759635?s=60&#038;d=mm&#038;r=g 2x' class='avatar avatar-30 photo' height='30' width='30' \/><span class=\"post_info_author_name\">Global Packing<\/span><\/div><div itemprop=\"dateCreated\" class=\"post_info_date entry_date updated\">28 setembro, 2021<meta itemprop=\"interactionCount\" content=\"UserComments: <?php echo get_comments_number(qode_get_page_id()); ?>\"\/><\/div><\/div><\/div><\/div><\/li><li class=\"clearfix\"><div class=\"latest_post_two_image\"><a itemprop=\"url\" href=\"https:\/\/globalpacking.com.br\/?p=1630\"><img width=\"700\" height=\"379\" src=\"https:\/\/globalpacking.com.br\/wp-content\/uploads\/2021\/09\/artigo-como-planejar-uma-mudanca-internacional-700x379.png\" class=\"attachment-portfolio_masonry_with_space size-portfolio_masonry_with_space wp-post-image\" alt=\"Como planejar uma mudan\u00e7a internacional: Guia passo a passo\" srcset=\"https:\/\/globalpacking.com.br\/wp-content\/uploads\/2021\/09\/artigo-como-planejar-uma-mudanca-internacional-700x379.png 700w, https:\/\/globalpacking.com.br\/wp-content\/uploads\/2021\/09\/artigo-como-planejar-uma-mudanca-internacional-300x163.png 300w, https:\/\/globalpacking.com.br\/wp-content\/uploads\/2021\/09\/artigo-como-planejar-uma-mudanca-internacional-1024x555.png 1024w, https:\/\/globalpacking.com.br\/wp-content\/uploads\/2021\/09\/artigo-como-planejar-uma-mudanca-internacional-768x416.png 768w, https:\/\/globalpacking.com.br\/wp-content\/uploads\/2021\/09\/artigo-como-planejar-uma-mudanca-internacional.png 1200w\" sizes=\"(max-width: 700px) 100vw, 700px\" \/><\/a><\/div><div class=\"latest_post_two_inner\" ><div class=\"latest_post_two_text\"><h5 itemprop=\"name\" class=\"latest_post_two_title entry_title\"><a itemprop=\"url\" href=\"https:\/\/globalpacking.com.br\/?p=1630\" >Mudan\u00e7a do Brasil para os Estados Unidos: O que voc\u00ea precisa saber?<\/a><\/h5><div class=\"separator small left \" ><\/div><p itemprop=\"description\" class=\"latest_post_two_excerpt\" >Se o seu desejo \u00e9 sair do Brasil de mudan\u00e7a para os EUA, primeiramente contrate uma empresa experiente que saiba o que fazer quando sua mudan\u00e7a chegar aos Estados Unidos, p<\/p><\/div><div class=\"latest_post_two_info\" style='border-color: #e0e0e0;'><div class=\"latest_post_two_info_inner\" style='color: #303030;'><div class=\"post_info_author\"><img alt='Author Image' src='https:\/\/secure.gravatar.com\/avatar\/83d7cd67c9e28b8dc1ed786429759635?s=30&#038;d=mm&#038;r=g' srcset='https:\/\/secure.gravatar.com\/avatar\/83d7cd67c9e28b8dc1ed786429759635?s=60&#038;d=mm&#038;r=g 2x' class='avatar avatar-30 photo' height='30' width='30' \/><span class=\"post_info_author_name\">Global Packing<\/span><\/div><div itemprop=\"dateCreated\" class=\"post_info_date entry_date updated\">17 setembro, 2021<meta itemprop=\"interactionCount\" content=\"UserComments: <?php echo get_comments_number(qode_get_page_id()); ?>\"\/><\/div><\/div><\/div><\/div><\/li><li class=\"clearfix\"><div class=\"latest_post_two_image\"><a itemprop=\"url\" href=\"https:\/\/globalpacking.com.br\/?p=1610\"><img width=\"700\" height=\"379\" src=\"https:\/\/globalpacking.com.br\/wp-content\/uploads\/2021\/09\/Liftvan-700x379.jpg\" class=\"attachment-portfolio_masonry_with_space size-portfolio_masonry_with_space wp-post-image\" alt=\"\" srcset=\"https:\/\/globalpacking.com.br\/wp-content\/uploads\/2021\/09\/Liftvan-700x379.jpg 700w, https:\/\/globalpacking.com.br\/wp-content\/uploads\/2021\/09\/Liftvan-300x163.jpg 300w, https:\/\/globalpacking.com.br\/wp-content\/uploads\/2021\/09\/Liftvan-1024x555.jpg 1024w, https:\/\/globalpacking.com.br\/wp-content\/uploads\/2021\/09\/Liftvan-768x416.jpg 768w, https:\/\/globalpacking.com.br\/wp-content\/uploads\/2021\/09\/Liftvan.jpg 1200w\" sizes=\"(max-width: 700px) 100vw, 700px\" \/><\/a><\/div><div class=\"latest_post_two_inner\" ><div class=\"latest_post_two_text\"><h5 itemprop=\"name\" class=\"latest_post_two_title entry_title\"><a itemprop=\"url\" href=\"https:\/\/globalpacking.com.br\/?p=1610\" >LIFTVAN: Uma op\u00e7\u00e3o econ\u00f4mica de remessas dom\u00e9sticas para o exterior<\/a><\/h5><div class=\"separator small left \" ><\/div><p itemprop=\"description\" class=\"latest_post_two_excerpt\" >Mudar-se para o exterior requer um planejamento cuidadoso, conhecimento especializado e uma forte rede de parceiros internacionais para garantir que seus pertences dom\u00e9stic<\/p><\/div><div class=\"latest_post_two_info\" style='border-color: #e0e0e0;'><div class=\"latest_post_two_info_inner\" style='color: #303030;'><div class=\"post_info_author\"><img alt='Author Image' src='https:\/\/secure.gravatar.com\/avatar\/83d7cd67c9e28b8dc1ed786429759635?s=30&#038;d=mm&#038;r=g' srcset='https:\/\/secure.gravatar.com\/avatar\/83d7cd67c9e28b8dc1ed786429759635?s=60&#038;d=mm&#038;r=g 2x' class='avatar avatar-30 photo' height='30' width='30' \/><span class=\"post_info_author_name\">Global Packing<\/span><\/div><div itemprop=\"dateCreated\" class=\"post_info_date entry_date updated\">01 setembro, 2021<meta itemprop=\"interactionCount\" content=\"UserComments: <?php echo get_comments_number(qode_get_page_id()); ?>\"\/><\/div><\/div><\/div><\/div><\/li><li class=\"clearfix\"><div class=\"latest_post_two_image\"><a itemprop=\"url\" href=\"https:\/\/globalpacking.com.br\/?p=1582\"><img width=\"700\" height=\"394\" src=\"https:\/\/globalpacking.com.br\/wp-content\/uploads\/2021\/08\/CapaNoruega-700x394.jpg\" class=\"attachment-portfolio_masonry_with_space size-portfolio_masonry_with_space wp-post-image\" alt=\"\" srcset=\"https:\/\/globalpacking.com.br\/wp-content\/uploads\/2021\/08\/CapaNoruega-700x394.jpg 700w, https:\/\/globalpacking.com.br\/wp-content\/uploads\/2021\/08\/CapaNoruega-300x169.jpg 300w, https:\/\/globalpacking.com.br\/wp-content\/uploads\/2021\/08\/CapaNoruega-1024x576.jpg 1024w, https:\/\/globalpacking.com.br\/wp-content\/uploads\/2021\/08\/CapaNoruega-768x432.jpg 768w, https:\/\/globalpacking.com.br\/wp-content\/uploads\/2021\/08\/CapaNoruega-1536x864.jpg 1536w, https:\/\/globalpacking.com.br\/wp-content\/uploads\/2021\/08\/CapaNoruega-539x303.jpg 539w, https:\/\/globalpacking.com.br\/wp-content\/uploads\/2021\/08\/CapaNoruega.jpg 1600w\" sizes=\"(max-width: 700px) 100vw, 700px\" \/><\/a><\/div><div class=\"latest_post_two_inner\" ><div class=\"latest_post_two_text\"><h5 itemprop=\"name\" class=\"latest_post_two_title entry_title\"><a itemprop=\"url\" href=\"https:\/\/globalpacking.com.br\/?p=1582\" >Mudan\u00e7a do Brasil para Noruega: Dicas e informa\u00e7\u00f5es relevantes<\/a><\/h5><div class=\"separator small left \" ><\/div><p itemprop=\"description\" class=\"latest_post_two_excerpt\" >Pensando em se mudar para a Noruega? Se voc\u00ea busca uma vida mais feliz, considere fazer deste pa\u00eds escandinavo seu novo lar. O pa\u00eds n\u00f3rdico \u00e9 constantemente considerado um <\/p><\/div><div class=\"latest_post_two_info\" style='border-color: #e0e0e0;'><div class=\"latest_post_two_info_inner\" style='color: #303030;'><div class=\"post_info_author\"><img alt='Author Image' src='https:\/\/secure.gravatar.com\/avatar\/83d7cd67c9e28b8dc1ed786429759635?s=30&#038;d=mm&#038;r=g' srcset='https:\/\/secure.gravatar.com\/avatar\/83d7cd67c9e28b8dc1ed786429759635?s=60&#038;d=mm&#038;r=g 2x' class='avatar avatar-30 photo' height='30' width='30' \/><span class=\"post_info_author_name\">Global Packing<\/span><\/div><div itemprop=\"dateCreated\" class=\"post_info_date entry_date updated\">13 agosto, 2021<meta itemprop=\"interactionCount\" content=\"UserComments: <?php echo get_comments_number(qode_get_page_id()); ?>\"\/><\/div><\/div><\/div><\/div><\/li><\/ul><\/div>[\/vc_column][\/vc_row][vc_row css_animation=&#8221;&#8221; row_type=&#8221;row&#8221; use_row_as_full_screen_section=&#8221;no&#8221; type=&#8221;full_width&#8221; angled_section=&#8221;no&#8221; text_align=&#8221;center&#8221; background_image_as_pattern=&#8221;without_pattern&#8221; css=&#8221;.vc_custom_1568418008021{background-color: #7c9175 !important;}&#8221; z_index=&#8221;&#8221; padding_top=&#8221;40&#8243; padding_bottom=&#8221;25&#8243;][vc_column width=&#8221;2\/12&#8243;][\/vc_column][vc_column width=&#8221;8\/12&#8243;][vc_row_inner row_type=&#8221;row&#8221; type=&#8221;full_width&#8221; text_align=&#8221;center&#8221; css_animation=&#8221;&#8221;][vc_column_inner width=&#8221;1\/3&#8243;][vc_single_image image=&#8221;581&#8243; img_size=&#8221;medium&#8221; alignment=&#8221;center&#8221; qode_css_animation=&#8221;&#8221;][\/vc_column_inner][vc_column_inner width=&#8221;1\/3&#8243;][vc_single_image image=&#8221;582&#8243; img_size=&#8221;medium&#8221; alignment=&#8221;center&#8221; qode_css_animation=&#8221;&#8221;][\/vc_column_inner][vc_column_inner width=&#8221;1\/3&#8243;][vc_single_image image=&#8221;727&#8243; img_size=&#8221;medium&#8221; alignment=&#8221;center&#8221; qode_css_animation=&#8221;&#8221;][\/vc_column_inner][\/vc_row_inner][\/vc_column][vc_column width=&#8221;2\/12&#8243;][\/vc_column][\/vc_row]<\/p>\n","protected":false},"excerpt":{"rendered":"<p>[vc_row css_animation=&#8221;&#8221; row_type=&#8221;row&#8221; use_row_as_full_screen_section=&#8221;no&#8221; type=&#8221;grid&#8221; angled_section=&#8221;no&#8221; text_align=&#8221;left&#8221; background_image_as_pattern=&#8221;without_pattern&#8221; css=&#8221;.vc_custom_1456835543749{padding-top: 150px !important;padding-bottom: 120px !important;}&#8221;][vc_column][\/vc_column][\/vc_row][vc_row css_animation=&#8221;&#8221; row_type=&#8221;row&#8221; use_row_as_full_screen_section=&#8221;no&#8221; type=&#8221;full_width&#8221; angled_section=&#8221;no&#8221; text_align=&#8221;center&#8221; background_image_as_pattern=&#8221;without_pattern&#8221; css=&#8221;.vc_custom_1568418008021{background-color: #7c9175 !important;}&#8221; z_index=&#8221;&#8221; padding_top=&#8221;40&#8243; padding_bottom=&#8221;25&#8243;][vc_column width=&#8221;2\/12&#8243;][\/vc_column][vc_column width=&#8221;8\/12&#8243;][vc_row_inner row_type=&#8221;row&#8221; type=&#8221;full_width&#8221; text_align=&#8221;center&#8221; css_animation=&#8221;&#8221;][vc_column_inner width=&#8221;1\/3&#8243;][vc_single_image image=&#8221;581&#8243; img_size=&#8221;medium&#8221; alignment=&#8221;center&#8221; qode_css_animation=&#8221;&#8221;][\/vc_column_inner][vc_column_inner width=&#8221;1\/3&#8243;][vc_single_image image=&#8221;582&#8243; img_size=&#8221;medium&#8221; alignment=&#8221;center&#8221; qode_css_animation=&#8221;&#8221;][\/vc_column_inner][vc_column_inner width=&#8221;1\/3&#8243;][vc_single_image image=&#8221;727&#8243; img_size=&#8221;medium&#8221;&#8230;<\/p>\n","protected":false},"author":7,"featured_media":0,"parent":0,"menu_order":0,"comment_status":"closed","ping_status":"closed","template":"full_width.php","meta":[],"_links":{"self":[{"href":"https:\/\/globalpacking.com.br\/index.php?rest_route=\/wp\/v2\/pages\/766"}],"collection":[{"href":"https:\/\/globalpacking.com.br\/index.php?rest_route=\/wp\/v2\/pages"}],"about":[{"href":"https:\/\/globalpacking.com.br\/index.php?rest_route=\/wp\/v2\/types\/page"}],"author":[{"embeddable":true,"href":"https:\/\/globalpacking.com.br\/index.php?rest_route=\/wp\/v2\/users\/7"}],"replies":[{"embeddable":true,"href":"https:\/\/globalpacking.com.br\/index.php?rest_route=%2Fwp%2Fv2%2Fcomments&post=766"}],"version-history":[{"count":4,"href":"https:\/\/globalpacking.com.br\/index.php?rest_route=\/wp\/v2\/pages\/766\/revisions"}],"predecessor-version":[{"id":1256,"href":"https:\/\/globalpacking.com.br\/index.php?rest_route=\/wp\/v2\/pages\/766\/revisions\/1256"}],"wp:attachment":[{"href":"https:\/\/globalpacking.com.br\/index.php?rest_route=%2Fwp%2Fv2%2Fmedia&parent=766"}],"curies":[{"name":"wp","href":"https:\/\/api.w.org\/{rel}","templated":true}]}}