{"id":120,"date":"2016-02-19T13:26:18","date_gmt":"2016-02-19T15:26:18","guid":{"rendered":"http:\/\/bridge3.qodeinteractive.com\/?page_id=120"},"modified":"2019-10-23T15:29:09","modified_gmt":"2019-10-23T18:29:09","slug":"servicos","status":"publish","type":"page","link":"https:\/\/globalpacking.com.br\/?page_id=120","title":{"rendered":"Servi\u00e7os"},"content":{"rendered":"<p>[vc_row css_animation=&#8221;&#8221; row_type=&#8221;row&#8221; use_row_as_full_screen_section=&#8221;no&#8221; type=&#8221;full_width&#8221; angled_section=&#8221;no&#8221; text_align=&#8221;left&#8221; background_image_as_pattern=&#8221;without_pattern&#8221;][vc_column width=&#8221;1\/6&#8243;][\/vc_column][vc_column width=&#8221;2\/3&#8243;][vc_separator type=&#8221;transparent&#8221; thickness=&#8221;0&#8243; up=&#8221;100&#8243; down=&#8221;0&#8243;][vc_column_text]<\/p>\n<h2 style=\"text-align: center;\"><span style=\"font-weight: 400; font-size: 25px;\">Oferecemos solu\u00e7\u00f5es em mobilidade global para clientes com elevados n\u00edveis de exig\u00eancia. Confira nossas especialidades<\/span><\/h2>\n<p>[\/vc_column_text][vc_separator type=&#8221;transparent&#8221; thickness=&#8221;0&#8243; up=&#8221;20&#8243; down=&#8221;0&#8243;][\/vc_column][vc_column width=&#8221;1\/6&#8243;][\/vc_column][\/vc_row][vc_row css_animation=&#8221;&#8221; row_type=&#8221;row&#8221; use_row_as_full_screen_section=&#8221;no&#8221; type=&#8221;grid&#8221; angled_section=&#8221;no&#8221; text_align=&#8221;left&#8221; background_image_as_pattern=&#8221;without_pattern&#8221; css=&#8221;.vc_custom_1568258227899{padding-top: 150px !important;}&#8221; z_index=&#8221;&#8221; anchor=&#8221;internacional&#8221;][vc_column offset=&#8221;vc_col-lg-4 vc_col-md-4&#8243;][vc_single_image image=&#8221;461&#8243; img_size=&#8221;full&#8221; qode_css_animation=&#8221;&#8221;][vc_separator type=&#8221;transparent&#8221; thickness=&#8221;0&#8243; up=&#8221;38&#8243; down=&#8221;0&#8243;][\/vc_column][vc_column offset=&#8221;vc_col-lg-4 vc_col-md-4&#8243;][vc_column_text]<\/p>\n<h3>MUDAN\u00c7AS INTERNACIONAIS<\/h3>\n<p>[\/vc_column_text][vc_separator type=&#8221;small&#8221; position=&#8221;left&#8221; width=&#8221;20&#8243; up=&#8221;7&#8243; down=&#8221;30&#8243;][vc_column_text]<span style=\"font-weight: 400;\">Oferecemos servi\u00e7os de mudan\u00e7a porta-a-porta nas modalidades a\u00e9rea e mar\u00edtima.<br \/>\nNossos profissionais altamente qualificados cuidam de todo o processo, garantindo efici\u00eancia e atendimento personalizado.<\/span><\/p>\n<p><span style=\"font-weight: 400;\">Atendemos clientes e contas corporativas localizadas nas principais capitais brasileiras, como S\u00e3o Paulo, Rio de Janeiro, Belo Horizonte, Curitiba, Bras\u00edlia, Salvador, Recife, dentre outras.<\/span>[\/vc_column_text][vc_separator type=&#8221;transparent&#8221; thickness=&#8221;0&#8243; up=&#8221;50&#8243; down=&#8221;0&#8243;][\/vc_column][vc_column offset=&#8221;vc_col-lg-4 vc_col-md-4&#8243;][vc_separator type=&#8221;transparent&#8221; thickness=&#8221;0&#8243; up=&#8221;38&#8243; down=&#8221;0&#8243;][vc_column_text]<span style=\"font-weight: 400;\">Sendo membros de v\u00e1rias associa\u00e7\u00f5es internacionais, contamos com uma vasta rede de parceiros no mundo, possibilitando nossa presen\u00e7a mundialmente. <\/span><\/p>\n<p><span style=\"font-weight: 400;\">A <em>Global Packing<\/em> se destaca por manter o elevado padr\u00e3o de qualidade de seus servi\u00e7os, desde a origem at\u00e9 o destino. Investimos nos melhores materiais e t\u00e9cnicas de embalagem para garantir a prote\u00e7\u00e3o que cada um de seus pertences demanda. Al\u00e9m disso, oferecemos seguro porta-a-porta, contra todos os riscos.<br \/>\nSeja qual for o seu destino, a Global Packing \u00e9 a sua melhor escolha!<\/span>[\/vc_column_text][vc_separator type=&#8221;transparent&#8221; thickness=&#8221;0&#8243; up=&#8221;50&#8243; down=&#8221;0&#8243;][\/vc_column][\/vc_row][vc_row css_animation=&#8221;&#8221; row_type=&#8221;row&#8221; use_row_as_full_screen_section=&#8221;no&#8221; type=&#8221;grid&#8221; angled_section=&#8221;no&#8221; text_align=&#8221;left&#8221; background_image_as_pattern=&#8221;without_pattern&#8221; css=&#8221;.vc_custom_1568258247101{padding-top: 150px !important;}&#8221; z_index=&#8221;&#8221; anchor=&#8221;nacional&#8221;][vc_column offset=&#8221;vc_col-lg-4 vc_col-md-4&#8243;][vc_column_text]<\/p>\n<h3>MUDAN\u00c7AS NACIONAIS<\/h3>\n<p>[\/vc_column_text][vc_separator type=&#8221;small&#8221; position=&#8221;left&#8221; width=&#8221;20&#8243; up=&#8221;7&#8243; down=&#8221;30&#8243;][vc_column_text]<span style=\"font-weight: 400;\">Uma mudan\u00e7a cont\u00e9m bens e objetos de valores inestim\u00e1veis, por isso, \u00e9 importante contar com uma empresa experiente e com credibilidade no mercado.<\/span><\/p>\n<p><span style=\"font-weight: 400;\">A <em>Global Packing<\/em> executa cada etapa da mudan\u00e7a com seriedade e profissionalismo, desde o momento da embalagem at\u00e9 a entrega na nova resid\u00eancia, garantindo a total satisfa\u00e7\u00e3o do cliente.<\/span>[\/vc_column_text][vc_separator type=&#8221;transparent&#8221; thickness=&#8221;0&#8243; up=&#8221;50&#8243; down=&#8221;0&#8243;][\/vc_column][vc_column offset=&#8221;vc_col-lg-4 vc_col-md-4&#8243;][vc_separator type=&#8221;transparent&#8221; thickness=&#8221;0&#8243; up=&#8221;38&#8243; down=&#8221;0&#8243;][vc_column_text]<span style=\"font-weight: 400;\">Preparamos um invent\u00e1rio completo dos bens que ser\u00e3o transportados e identificamos cada uma das caixas, facilitando o momento da arruma\u00e7\u00e3o ou a localiza\u00e7\u00e3o de um item espec\u00edfico.<br \/>\nNossos colaboradores s\u00e3o altamente capacitados e experientes para realizar todo e qualquer tipo de mudan\u00e7a, da mais simples a mais complexa!<br \/>\nEntre em contato conosco e pe\u00e7a seu or\u00e7amento! Temos exatamente o que voc\u00ea procura!<br \/>\n<\/span>[\/vc_column_text][vc_separator type=&#8221;transparent&#8221; thickness=&#8221;0&#8243; up=&#8221;50&#8243; down=&#8221;0&#8243;][\/vc_column][vc_column offset=&#8221;vc_col-lg-4 vc_col-md-4&#8243;][vc_single_image image=&#8221;881&#8243; img_size=&#8221;full&#8221; qode_css_animation=&#8221;&#8221;][vc_separator type=&#8221;transparent&#8221; thickness=&#8221;0&#8243; up=&#8221;38&#8243; down=&#8221;0&#8243;][\/vc_column][\/vc_row][vc_row css_animation=&#8221;&#8221; row_type=&#8221;row&#8221; use_row_as_full_screen_section=&#8221;no&#8221; type=&#8221;grid&#8221; angled_section=&#8221;no&#8221; text_align=&#8221;left&#8221; background_image_as_pattern=&#8221;without_pattern&#8221; css=&#8221;.vc_custom_1568258280107{padding-top: 150px !important;}&#8221; z_index=&#8221;&#8221; anchor=&#8221;escritorio&#8221;][vc_column offset=&#8221;vc_col-lg-4 vc_col-md-4&#8243;][vc_single_image image=&#8221;986&#8243; img_size=&#8221;full&#8221; qode_css_animation=&#8221;&#8221;][vc_separator type=&#8221;transparent&#8221; thickness=&#8221;0&#8243; up=&#8221;38&#8243; down=&#8221;0&#8243;][\/vc_column][vc_column offset=&#8221;vc_col-lg-4 vc_col-md-4&#8243;][vc_column_text]<\/p>\n<h3>MUDAN\u00c7AS DE ESCRIT\u00d3RIO<\/h3>\n<p>[\/vc_column_text][vc_separator type=&#8221;small&#8221; position=&#8221;left&#8221; width=&#8221;20&#8243; up=&#8221;7&#8243; down=&#8221;30&#8243;][vc_column_text]<span style=\"font-weight: 400;\">Entendemos a urg\u00eancia do meio corporativo, e por isso, nossa meta \u00e9 garantir a execu\u00e7\u00e3o do servi\u00e7o no menor tempo poss\u00edvel, sempre mantendo o foco na qualidade.<\/span><\/p>\n<p><span style=\"font-weight: 400;\">Oferecemos um planejamento log\u00edstico personalizado de acordo com as necessidades de cada empresa.<\/span> [\/vc_column_text][vc_separator type=&#8221;transparent&#8221; thickness=&#8221;0&#8243; up=&#8221;50&#8243; down=&#8221;0&#8243;][\/vc_column][vc_column offset=&#8221;vc_col-lg-4 vc_col-md-4&#8243;][vc_separator type=&#8221;transparent&#8221; thickness=&#8221;0&#8243; up=&#8221;38&#8243; down=&#8221;0&#8243;][vc_column_text]<span style=\"font-weight: 400;\">Trabalhamos em hor\u00e1rios que sejam flex\u00edveis para o cliente, minimizando o impacto no funcionamento do escrit\u00f3rio e na rotina dos funcion\u00e1rios, proporcionando uma remo\u00e7\u00e3o suave e sem maiores transtornos. <\/span>[\/vc_column_text][vc_separator type=&#8221;transparent&#8221; thickness=&#8221;0&#8243; up=&#8221;50&#8243; down=&#8221;0&#8243;][\/vc_column][\/vc_row][vc_row css_animation=&#8221;&#8221; row_type=&#8221;row&#8221; use_row_as_full_screen_section=&#8221;no&#8221; type=&#8221;grid&#8221; angled_section=&#8221;no&#8221; text_align=&#8221;left&#8221; background_image_as_pattern=&#8221;without_pattern&#8221; css=&#8221;.vc_custom_1568258299130{padding-top: 150px !important;}&#8221; z_index=&#8221;&#8221; anchor=&#8221;animal&#8221;][vc_column offset=&#8221;vc_col-lg-4 vc_col-md-4&#8243;][vc_column_text]<\/p>\n<h3>ANIMAIS DE ESTIMA\u00c7\u00c3O<\/h3>\n<p>[\/vc_column_text][vc_separator type=&#8221;small&#8221; position=&#8221;left&#8221; width=&#8221;20&#8243; up=&#8221;7&#8243; down=&#8221;30&#8243;][vc_column_text]<span style=\"font-weight: 400;\">A <em>Global Packing<\/em> sabe que seu pet n\u00e3o \u00e9 apenas um animal de estima\u00e7\u00e3o, mas um membro da fam\u00edlia!<br \/>\nNosso time de especialistas est\u00e1 apto a sanar todas as suas d\u00favidas sobre o processo de exporta\u00e7\u00e3o ou importa\u00e7\u00e3o de animais de estima\u00e7\u00e3o, <\/span>[\/vc_column_text][vc_separator type=&#8221;transparent&#8221; thickness=&#8221;0&#8243; up=&#8221;50&#8243; down=&#8221;0&#8243;][\/vc_column][vc_column offset=&#8221;vc_col-lg-4 vc_col-md-4&#8243;][vc_separator type=&#8221;transparent&#8221; thickness=&#8221;0&#8243; up=&#8221;38&#8243; down=&#8221;0&#8243;][vc_column_text]<span style=\"font-weight: 400;\">dando total assist\u00eancia com a documenta\u00e7\u00e3o necess\u00e1ria, transporte e hospedagem, reserva de voos e tudo mais que seu pet precisa para chegar seguro e saud\u00e1vel ao seu novo lar.<br \/>\nPor isso, antes de confiar seu grande amigo a qualquer empresa, entre em contato conosco.<br \/>\nSeu pet agradece!<\/span>[\/vc_column_text][vc_separator type=&#8221;transparent&#8221; thickness=&#8221;0&#8243; up=&#8221;50&#8243; down=&#8221;0&#8243;][\/vc_column][vc_column offset=&#8221;vc_col-lg-4 vc_col-md-4&#8243;][vc_single_image image=&#8221;885&#8243; img_size=&#8221;full&#8221; qode_css_animation=&#8221;&#8221;][vc_separator type=&#8221;transparent&#8221; thickness=&#8221;0&#8243; up=&#8221;38&#8243; down=&#8221;0&#8243;][\/vc_column][\/vc_row][vc_row css_animation=&#8221;&#8221; row_type=&#8221;row&#8221; use_row_as_full_screen_section=&#8221;no&#8221; type=&#8221;grid&#8221; angled_section=&#8221;no&#8221; text_align=&#8221;left&#8221; background_image_as_pattern=&#8221;without_pattern&#8221; css=&#8221;.vc_custom_1568317173499{padding-top: 100px !important;padding-bottom: 100px !important;}&#8221; z_index=&#8221;&#8221; anchor=&#8221;outros&#8221; el_class=&#8221;branco&#8221;][vc_column offset=&#8221;vc_col-lg-4 vc_col-md-4&#8243; css=&#8221;.vc_custom_1568332118459{background-color: #4d7a3e !important;}&#8221; el_class=&#8221;coluna&#8221;][vc_single_image image=&#8221;464&#8243; img_size=&#8221;full&#8221; qode_css_animation=&#8221;&#8221;][vc_separator type=&#8221;transparent&#8221; thickness=&#8221;0&#8243; up=&#8221;38&#8243; down=&#8221;0&#8243;][vc_column_text el_class=&#8221;branco&#8221;]<\/p>\n<h3>RELOCATION<\/h3>\n<p>[\/vc_column_text][vc_separator type=&#8221;small&#8221; position=&#8221;left&#8221; width=&#8221;20&#8243; up=&#8221;7&#8243; down=&#8221;30&#8243;][vc_column_text el_class=&#8221;branco&#8221;]Contamos com uma equipe especializada em oferecer, acima de tudo, seguran\u00e7a e tranquilidade para expatriados rec\u00e9m-chegados ao Brasil. Dentre nossos servi\u00e7os est\u00e3o:<\/p>\n<p>&nbsp;<\/p>\n<p><img class=\"alignnone wp-image-891\" src=\"http:\/\/globalpacking.com.br\/wp-content\/uploads\/2019\/09\/Icon-Relocation_Settling-In_BRANCO-300x300.png\" alt=\"\" width=\"22\" height=\"22\" srcset=\"https:\/\/globalpacking.com.br\/wp-content\/uploads\/2019\/09\/Icon-Relocation_Settling-In_BRANCO-300x300.png 300w, https:\/\/globalpacking.com.br\/wp-content\/uploads\/2019\/09\/Icon-Relocation_Settling-In_BRANCO-150x150.png 150w, https:\/\/globalpacking.com.br\/wp-content\/uploads\/2019\/09\/Icon-Relocation_Settling-In_BRANCO-500x512.png 500w, https:\/\/globalpacking.com.br\/wp-content\/uploads\/2019\/09\/Icon-Relocation_Settling-In_BRANCO.png 512w\" sizes=\"(max-width: 22px) 100vw, 22px\" \/>\u00a0 \u00a0 Settling<\/p>\n<p><img class=\"alignnone wp-image-900\" src=\"http:\/\/globalpacking.com.br\/wp-content\/uploads\/2019\/09\/Icon-Relocation_Busca-de-Residencia_BRANCO-300x300.png\" alt=\"\" width=\"22\" height=\"22\" srcset=\"https:\/\/globalpacking.com.br\/wp-content\/uploads\/2019\/09\/Icon-Relocation_Busca-de-Residencia_BRANCO-300x300.png 300w, https:\/\/globalpacking.com.br\/wp-content\/uploads\/2019\/09\/Icon-Relocation_Busca-de-Residencia_BRANCO-150x150.png 150w, https:\/\/globalpacking.com.br\/wp-content\/uploads\/2019\/09\/Icon-Relocation_Busca-de-Residencia_BRANCO-500x512.png 500w, https:\/\/globalpacking.com.br\/wp-content\/uploads\/2019\/09\/Icon-Relocation_Busca-de-Residencia_BRANCO.png 512w\" sizes=\"(max-width: 22px) 100vw, 22px\" \/>\u00a0 \u00a0 Busca de resid\u00eancia<\/p>\n<p><img class=\"alignnone wp-image-902\" src=\"http:\/\/globalpacking.com.br\/wp-content\/uploads\/2019\/09\/Icon-Relocation_Tour-de-Orienta\u00e7\u00e3o_BRANCO-300x300.png\" alt=\"\" width=\"22\" height=\"22\" srcset=\"https:\/\/globalpacking.com.br\/wp-content\/uploads\/2019\/09\/Icon-Relocation_Tour-de-Orienta\u00e7\u00e3o_BRANCO-300x300.png 300w, https:\/\/globalpacking.com.br\/wp-content\/uploads\/2019\/09\/Icon-Relocation_Tour-de-Orienta\u00e7\u00e3o_BRANCO-150x150.png 150w, https:\/\/globalpacking.com.br\/wp-content\/uploads\/2019\/09\/Icon-Relocation_Tour-de-Orienta\u00e7\u00e3o_BRANCO-500x512.png 500w, https:\/\/globalpacking.com.br\/wp-content\/uploads\/2019\/09\/Icon-Relocation_Tour-de-Orienta\u00e7\u00e3o_BRANCO.png 512w\" sizes=\"(max-width: 22px) 100vw, 22px\" \/>\u00a0 \u00a0 Tour de orienta\u00e7\u00e3o<\/p>\n<p><img class=\"alignnone wp-image-896\" src=\"http:\/\/globalpacking.com.br\/wp-content\/uploads\/2019\/09\/Relocation-Icon_Servi\u00e7os-de-Imigra\u00e7\u00e3o_BRANCO.png\" alt=\"\" width=\"22\" height=\"22\" srcset=\"https:\/\/globalpacking.com.br\/wp-content\/uploads\/2019\/09\/Relocation-Icon_Servi\u00e7os-de-Imigra\u00e7\u00e3o_BRANCO.png 200w, https:\/\/globalpacking.com.br\/wp-content\/uploads\/2019\/09\/Relocation-Icon_Servi\u00e7os-de-Imigra\u00e7\u00e3o_BRANCO-150x150.png 150w\" sizes=\"(max-width: 22px) 100vw, 22px\" \/>\u00a0 \u00a0 Servi\u00e7os de imigra\u00e7\u00e3o<\/p>\n<p><img class=\"alignnone wp-image-898\" src=\"http:\/\/globalpacking.com.br\/wp-content\/uploads\/2019\/09\/Icon-Relocation_Assist\u00eancia-Educacional_BRANCO-300x300.png\" alt=\"\" width=\"22\" height=\"22\" srcset=\"https:\/\/globalpacking.com.br\/wp-content\/uploads\/2019\/09\/Icon-Relocation_Assist\u00eancia-Educacional_BRANCO-300x300.png 300w, https:\/\/globalpacking.com.br\/wp-content\/uploads\/2019\/09\/Icon-Relocation_Assist\u00eancia-Educacional_BRANCO-150x150.png 150w, https:\/\/globalpacking.com.br\/wp-content\/uploads\/2019\/09\/Icon-Relocation_Assist\u00eancia-Educacional_BRANCO-500x512.png 500w, https:\/\/globalpacking.com.br\/wp-content\/uploads\/2019\/09\/Icon-Relocation_Assist\u00eancia-Educacional_BRANCO.png 512w\" sizes=\"(max-width: 22px) 100vw, 22px\" \/>\u00a0 \u00a0 Assist\u00eancia educacional[\/vc_column_text][vc_separator type=&#8221;transparent&#8221; thickness=&#8221;0&#8243; up=&#8221;50&#8243; down=&#8221;0&#8243;][\/vc_column][vc_column offset=&#8221;vc_col-lg-4 vc_col-md-4&#8243; css=&#8221;.vc_custom_1568332134427{background-color: #7c9175 !important;}&#8221; el_class=&#8221;coluna&#8221;][vc_single_image image=&#8221;463&#8243; img_size=&#8221;full&#8221; qode_css_animation=&#8221;&#8221;][vc_separator type=&#8221;transparent&#8221; thickness=&#8221;0&#8243; up=&#8221;38&#8243; down=&#8221;0&#8243;][vc_column_text el_class=&#8221;branco&#8221;]<\/p>\n<h3><b>OBRAS DE ARTE<\/b><\/h3>\n<p>[\/vc_column_text][vc_separator type=&#8221;small&#8221; position=&#8221;left&#8221; width=&#8221;20&#8243; up=&#8221;7&#8243; down=&#8221;30&#8243;][vc_column_text el_class=&#8221;branco&#8221;]Oferecemos as melhores solu\u00e7\u00f5es em transporte e armazenamento de suas obras de arte, seja para uma \u00fanica pe\u00e7a ou para uma exposi\u00e7\u00e3o completa. Fornecemos servi\u00e7os de log\u00edstica dedicados a museus, institui\u00e7\u00f5es, galerias, casas de leil\u00e3o e colecionadores particulares.<\/p>\n<p>Contamos com uma rede selecionada de agentes em todo o mundo, garantindo que suas obras estejam em boas m\u00e3os, desde a origem at\u00e9 o destino. Possu\u00edmos carpintaria pr\u00f3pria, capaz de construir qualquer tipo de caixa de acordo com as especifica\u00e7\u00f5es e requisitos necess\u00e1rios. Entre em contato e solicite seu or\u00e7amento![\/vc_column_text][vc_separator type=&#8221;transparent&#8221; thickness=&#8221;0&#8243; up=&#8221;50&#8243; down=&#8221;0&#8243;][\/vc_column][vc_column offset=&#8221;vc_col-lg-4 vc_col-md-4&#8243; css=&#8221;.vc_custom_1568332151034{background-color: #a9c79f !important;}&#8221; el_class=&#8221;coluna&#8221;][vc_single_image image=&#8221;460&#8243; img_size=&#8221;full&#8221; qode_css_animation=&#8221;&#8221;][vc_separator type=&#8221;transparent&#8221; thickness=&#8221;0&#8243; up=&#8221;38&#8243; down=&#8221;0&#8243;][vc_column_text el_class=&#8221;branco&#8221;]<\/p>\n<h3>ARMAZENAGEM<\/h3>\n<p>[\/vc_column_text][vc_separator type=&#8221;small&#8221; position=&#8221;left&#8221; width=&#8221;20&#8243; up=&#8221;7&#8243; down=&#8221;30&#8243;][vc_column_text el_class=&#8221;branco&#8221;]A <em>Global Packing<\/em> est\u00e1 sempre buscando solu\u00e7\u00f5es pr\u00e1ticas para seus clientes, por isso, oferecemos servi\u00e7o de armazenagem para m\u00f3veis e mudan\u00e7as em geral.<\/p>\n<p>Contamos com unidades individuais de armazenamento, livres de umidade e luz solar.<\/p>\n<p>Nosso dep\u00f3sito \u00e9 monitorado 24 horas por dia, proporcionando ainda mais seguran\u00e7a para nossos clientes, dando-lhes a certeza de que seus bens estar\u00e3o em boas m\u00e3os.[\/vc_column_text][vc_separator type=&#8221;transparent&#8221; thickness=&#8221;0&#8243; up=&#8221;50&#8243; down=&#8221;0&#8243;][\/vc_column][\/vc_row][vc_row css_animation=&#8221;&#8221; row_type=&#8221;row&#8221; use_row_as_full_screen_section=&#8221;no&#8221; type=&#8221;full_width&#8221; angled_section=&#8221;no&#8221; text_align=&#8221;center&#8221; background_image_as_pattern=&#8221;without_pattern&#8221; css=&#8221;.vc_custom_1568418008021{background-color: #7c9175 !important;}&#8221; z_index=&#8221;&#8221; padding_top=&#8221;40&#8243; padding_bottom=&#8221;25&#8243;][vc_column width=&#8221;2\/12&#8243;][\/vc_column][vc_column width=&#8221;8\/12&#8243;][vc_row_inner row_type=&#8221;row&#8221; type=&#8221;full_width&#8221; text_align=&#8221;center&#8221; css_animation=&#8221;&#8221;][vc_column_inner width=&#8221;1\/3&#8243;][vc_single_image image=&#8221;581&#8243; img_size=&#8221;medium&#8221; alignment=&#8221;center&#8221; qode_css_animation=&#8221;&#8221;][\/vc_column_inner][vc_column_inner width=&#8221;1\/3&#8243;][vc_single_image image=&#8221;582&#8243; img_size=&#8221;medium&#8221; alignment=&#8221;center&#8221; qode_css_animation=&#8221;&#8221;][\/vc_column_inner][vc_column_inner width=&#8221;1\/3&#8243;][vc_single_image image=&#8221;727&#8243; img_size=&#8221;medium&#8221; alignment=&#8221;center&#8221; qode_css_animation=&#8221;&#8221;][\/vc_column_inner][\/vc_row_inner][\/vc_column][vc_column width=&#8221;2\/12&#8243;][\/vc_column][\/vc_row]<\/p>\n","protected":false},"excerpt":{"rendered":"<p>[vc_row css_animation=&#8221;&#8221; row_type=&#8221;row&#8221; use_row_as_full_screen_section=&#8221;no&#8221; type=&#8221;full_width&#8221; angled_section=&#8221;no&#8221; text_align=&#8221;left&#8221; background_image_as_pattern=&#8221;without_pattern&#8221;][vc_column width=&#8221;1\/6&#8243;][\/vc_column][vc_column width=&#8221;2\/3&#8243;][vc_separator type=&#8221;transparent&#8221; thickness=&#8221;0&#8243; up=&#8221;100&#8243; down=&#8221;0&#8243;][vc_column_text] Oferecemos solu\u00e7\u00f5es em mobilidade global para clientes com elevados n\u00edveis de exig\u00eancia. Confira nossas especialidades [\/vc_column_text][vc_separator type=&#8221;transparent&#8221; thickness=&#8221;0&#8243; up=&#8221;20&#8243; down=&#8221;0&#8243;][\/vc_column][vc_column width=&#8221;1\/6&#8243;][\/vc_column][\/vc_row][vc_row css_animation=&#8221;&#8221; row_type=&#8221;row&#8221; use_row_as_full_screen_section=&#8221;no&#8221; type=&#8221;grid&#8221; angled_section=&#8221;no&#8221; text_align=&#8221;left&#8221; background_image_as_pattern=&#8221;without_pattern&#8221; css=&#8221;.vc_custom_1568258227899{padding-top: 150px !important;}&#8221;&#8230;<\/p>\n","protected":false},"author":7,"featured_media":0,"parent":0,"menu_order":0,"comment_status":"closed","ping_status":"closed","template":"full_width.php","meta":[],"_links":{"self":[{"href":"https:\/\/globalpacking.com.br\/index.php?rest_route=\/wp\/v2\/pages\/120"}],"collection":[{"href":"https:\/\/globalpacking.com.br\/index.php?rest_route=\/wp\/v2\/pages"}],"about":[{"href":"https:\/\/globalpacking.com.br\/index.php?rest_route=\/wp\/v2\/types\/page"}],"author":[{"embeddable":true,"href":"https:\/\/globalpacking.com.br\/index.php?rest_route=\/wp\/v2\/users\/7"}],"replies":[{"embeddable":true,"href":"https:\/\/globalpacking.com.br\/index.php?rest_route=%2Fwp%2Fv2%2Fcomments&post=120"}],"version-history":[{"count":48,"href":"https:\/\/globalpacking.com.br\/index.php?rest_route=\/wp\/v2\/pages\/120\/revisions"}],"predecessor-version":[{"id":988,"href":"https:\/\/globalpacking.com.br\/index.php?rest_route=\/wp\/v2\/pages\/120\/revisions\/988"}],"wp:attachment":[{"href":"https:\/\/globalpacking.com.br\/index.php?rest_route=%2Fwp%2Fv2%2Fmedia&parent=120"}],"curies":[{"name":"wp","href":"https:\/\/api.w.org\/{rel}","templated":true}]}}