{"id":108,"date":"2016-02-19T12:16:25","date_gmt":"2016-02-19T14:16:25","guid":{"rendered":"http:\/\/bridge3.qodeinteractive.com\/?page_id=108"},"modified":"2019-10-04T17:51:55","modified_gmt":"2019-10-04T20:51:55","slug":"sobre","status":"publish","type":"page","link":"https:\/\/globalpacking.com.br\/?page_id=108","title":{"rendered":"Sobre"},"content":{"rendered":"<p>[vc_row css_animation=&#8221;&#8221; row_type=&#8221;row&#8221; use_row_as_full_screen_section=&#8221;no&#8221; type=&#8221;grid&#8221; angled_section=&#8221;no&#8221; text_align=&#8221;center&#8221; background_image_as_pattern=&#8221;without_pattern&#8221; css=&#8221;.vc_custom_1564702785868{padding-top: 145px !important;padding-bottom: 30px !important;}&#8221; z_index=&#8221;&#8221;][vc_column offset=&#8221;vc_col-lg-6 vc_col-md-6&#8243;][vc_column_text]<\/p>\n<h2>QUEM SOMOS<\/h2>\n<p>[\/vc_column_text][vc_separator type=&#8221;small&#8221; position=&#8221;center&#8221;][vc_column_text]<\/p>\n<h4><span style=\"font-weight: 400;\">Somos uma empresa jovem e din\u00e2mica que desde sua funda\u00e7\u00e3o em 2003, tem trabalhado para oferecer servi\u00e7os diferenciados, com foco no atendimento personalizado para cada um de nossos clientes.<\/span><\/h4>\n<p>[\/vc_column_text][vc_separator type=&#8221;transparent&#8221; thickness=&#8221;0&#8243; up=&#8221;33&#8243; down=&#8221;0&#8243;][vc_column_text]Com o passar dos anos, adquirimos experi\u00eancias, firmamos parcerias e conquistamos a confian\u00e7a de diversos clientes, sobretudo corporativos, que nos acompanham ao longo de mais de uma d\u00e9cada de servi\u00e7os prestados com excel\u00eancia!<br \/>\nInvestimos pesado na capacita\u00e7\u00e3o de nosso pessoal e na renova\u00e7\u00e3o de frota, al\u00e9m de constantemente aprimorarmos nossas t\u00e9cnicas de trabalho e materiais de embalagem, sempre tendo em mente o que mais importa: a satisfa\u00e7\u00e3o de nossos clientes.<br \/>\nFazemos parte das principais associa\u00e7\u00f5es internacionais, como IAM, Euromovers, PAIMA que re\u00fanem os mais renomados agentes em mais de 130 pa\u00edses.<br \/>\nNossas opera\u00e7\u00f5es s\u00e3o pautadas em tr\u00eas pilares muito importantes, que s\u00e3o nossa Miss\u00e3o, Vis\u00e3o e Valores.[\/vc_column_text][\/vc_column][vc_column offset=&#8221;vc_col-lg-6 vc_col-md-6&#8243;][vc_separator type=&#8221;transparent&#8221; thickness=&#8221;0&#8243; up=&#8221;5&#8243; down=&#8221;0&#8243;][vc_gallery interval=&#8221;5&#8243; images=&#8221;920,922,924,926,928,944,962,960,958,956,954,952,950,948,946&#8243; img_size=&#8221;full&#8221; css_animation=&#8221;none&#8221;][vc_separator type=&#8221;transparent&#8221; thickness=&#8221;0&#8243; up=&#8221;54&#8243; down=&#8221;0&#8243;][\/vc_column][\/vc_row][vc_row css_animation=&#8221;&#8221; row_type=&#8221;row&#8221; use_row_as_full_screen_section=&#8221;no&#8221; type=&#8221;full_width&#8221; angled_section=&#8221;no&#8221; text_align=&#8221;center&#8221; background_image_as_pattern=&#8221;without_pattern&#8221;][vc_column width=&#8221;1\/6&#8243;][\/vc_column][vc_column width=&#8221;2\/3&#8243;][vc_separator type=&#8221;transparent&#8221; thickness=&#8221;0&#8243; up=&#8221;54&#8243; down=&#8221;0&#8243;][vc_tabs style=&#8221;boxed&#8221;][vc_tab title=&#8221;Miss\u00e3o&#8221; tab_id=&#8221;fbadfc67-c379-4&#8243;][vc_column_text]<span style=\"font-weight: 400; font-size: 20px;\">Executar servi\u00e7os de forma profissional, personalizada e comprometida com a total satisfa\u00e7\u00e3o dos clientes em todas as etapas do processo.<\/span>[\/vc_column_text][vc_separator type=&#8221;transparent&#8221; thickness=&#8221;0&#8243; up=&#8221;90&#8243; down=&#8221;0&#8243;][\/vc_tab][vc_tab title=&#8221;Vis\u00e3o&#8221; tab_id=&#8221;1564702630868-2-0&#8243;][vc_column_text]<span style=\"font-weight: 400; font-size: 20px;\">Ser a principal refer\u00eancia em global mobility do Brasil.<\/span>[\/vc_column_text][vc_separator type=&#8221;transparent&#8221; thickness=&#8221;0&#8243; up=&#8221;90&#8243; down=&#8221;0&#8243;][\/vc_tab][vc_tab title=&#8221;Valores&#8221; tab_id=&#8221;3e7b4ed4-ddab-5&#8243;][vc_column_text]<\/p>\n<p style=\"font-weight: 400; font-size: 18px;\">\u2714 Respeito ao ser humano e ao meio ambiente;<br \/>\n\u2714 Transpar\u00eancia;<br \/>\n\u2714 Qualidade e melhoria cont\u00ednua;<br \/>\n\u2714 Valoriza\u00e7\u00e3o dos nossos recursos humanos;<br \/>\n\u2714 Equidade e justi\u00e7a em todas as nossas rela\u00e7\u00f5es;<br \/>\n\u2714 Trabalhar com o prop\u00f3sito de ser uma empresa relevante para a sociedade;<br \/>\n\u2714 Foco em resultados, pautados na \u00e9tica e otimiza\u00e7\u00e3o dos nossos recursos.<\/p>\n<p>[\/vc_column_text][\/vc_tab][\/vc_tabs][vc_separator type=&#8221;transparent&#8221; thickness=&#8221;0&#8243; up=&#8221;54&#8243; down=&#8221;0&#8243;][\/vc_column][vc_column width=&#8221;1\/6&#8243;][\/vc_column][\/vc_row][vc_row css_animation=&#8221;&#8221; row_type=&#8221;row&#8221; use_row_as_full_screen_section=&#8221;no&#8221; type=&#8221;full_width&#8221; angled_section=&#8221;no&#8221; text_align=&#8221;center&#8221; background_image_as_pattern=&#8221;without_pattern&#8221; css=&#8221;.vc_custom_1568418008021{background-color: #7c9175 !important;}&#8221; z_index=&#8221;&#8221; padding_top=&#8221;40&#8243; padding_bottom=&#8221;25&#8243;][vc_column width=&#8221;2\/12&#8243;][\/vc_column][vc_column width=&#8221;8\/12&#8243;][vc_row_inner row_type=&#8221;row&#8221; type=&#8221;full_width&#8221; text_align=&#8221;center&#8221; css_animation=&#8221;&#8221;][vc_column_inner width=&#8221;1\/3&#8243;][vc_single_image image=&#8221;581&#8243; img_size=&#8221;medium&#8221; alignment=&#8221;center&#8221; qode_css_animation=&#8221;&#8221;][\/vc_column_inner][vc_column_inner width=&#8221;1\/3&#8243;][vc_single_image image=&#8221;582&#8243; img_size=&#8221;medium&#8221; alignment=&#8221;center&#8221; qode_css_animation=&#8221;&#8221;][\/vc_column_inner][vc_column_inner width=&#8221;1\/3&#8243;][vc_single_image image=&#8221;727&#8243; img_size=&#8221;medium&#8221; alignment=&#8221;center&#8221; qode_css_animation=&#8221;&#8221;][\/vc_column_inner][\/vc_row_inner][\/vc_column][vc_column width=&#8221;2\/12&#8243;][\/vc_column][\/vc_row]<\/p>\n","protected":false},"excerpt":{"rendered":"<p>[vc_row css_animation=&#8221;&#8221; row_type=&#8221;row&#8221; use_row_as_full_screen_section=&#8221;no&#8221; type=&#8221;grid&#8221; angled_section=&#8221;no&#8221; text_align=&#8221;center&#8221; background_image_as_pattern=&#8221;without_pattern&#8221; css=&#8221;.vc_custom_1564702785868{padding-top: 145px !important;padding-bottom: 30px !important;}&#8221; z_index=&#8221;&#8221;][vc_column offset=&#8221;vc_col-lg-6 vc_col-md-6&#8243;][vc_column_text] QUEM SOMOS [\/vc_column_text][vc_separator type=&#8221;small&#8221; position=&#8221;center&#8221;][vc_column_text] Somos uma empresa jovem e din\u00e2mica que desde sua funda\u00e7\u00e3o em 2003, tem trabalhado para oferecer servi\u00e7os diferenciados, com foco no atendimento personalizado para&#8230;<\/p>\n","protected":false},"author":7,"featured_media":0,"parent":0,"menu_order":0,"comment_status":"closed","ping_status":"closed","template":"full_width.php","meta":[],"_links":{"self":[{"href":"https:\/\/globalpacking.com.br\/index.php?rest_route=\/wp\/v2\/pages\/108"}],"collection":[{"href":"https:\/\/globalpacking.com.br\/index.php?rest_route=\/wp\/v2\/pages"}],"about":[{"href":"https:\/\/globalpacking.com.br\/index.php?rest_route=\/wp\/v2\/types\/page"}],"author":[{"embeddable":true,"href":"https:\/\/globalpacking.com.br\/index.php?rest_route=\/wp\/v2\/users\/7"}],"replies":[{"embeddable":true,"href":"https:\/\/globalpacking.com.br\/index.php?rest_route=%2Fwp%2Fv2%2Fcomments&post=108"}],"version-history":[{"count":37,"href":"https:\/\/globalpacking.com.br\/index.php?rest_route=\/wp\/v2\/pages\/108\/revisions"}],"predecessor-version":[{"id":1399,"href":"https:\/\/globalpacking.com.br\/index.php?rest_route=\/wp\/v2\/pages\/108\/revisions\/1399"}],"wp:attachment":[{"href":"https:\/\/globalpacking.com.br\/index.php?rest_route=%2Fwp%2Fv2%2Fmedia&parent=108"}],"curies":[{"name":"wp","href":"https:\/\/api.w.org\/{rel}","templated":true}]}}